{"id":93,"date":"2016-10-19T16:16:22","date_gmt":"2016-10-19T14:16:22","guid":{"rendered":"https:\/\/trend-research.de\/?page_id=93"},"modified":"2025-04-07T15:29:34","modified_gmt":"2025-04-07T13:29:34","slug":"forschung","status":"publish","type":"page","link":"https:\/\/trend-research.de\/de\/forschungsbereiche\/forschung\/","title":{"rendered":"Forschung"},"content":{"rendered":"<section class=\"section\">\r\n<div class=\"container\">\r\n<div class=\"row\">\r\n<div class=\"col-md-9 col-md-push-3\">\r\n<h2 id=\"maerkte-marken\">M\u00e4rkte &#038; Marken<\/h2>\r\n<img loading=\"lazy\" decoding=\"async\" src=\"https:\/\/trend-research.de\/wp-content\/uploads\/2016\/10\/maerkte-marken-300x200.jpg\" alt=\"maerkte-marken\" width=\"300\" height=\"200\" class=\"alignleft size-medium wp-image-208\" srcset=\"https:\/\/trend-research.de\/wp-content\/uploads\/2016\/10\/maerkte-marken-300x200.jpg 300w, https:\/\/trend-research.de\/wp-content\/uploads\/2016\/10\/maerkte-marken-768x512.jpg 768w, https:\/\/trend-research.de\/wp-content\/uploads\/2016\/10\/maerkte-marken.jpg 900w\" sizes=\"auto, (max-width: 300px) 100vw, 300px\" \/>\r\n<p><\/p>\r\n<p>Unsere Befragungen mit potentiellen Konsumenten liefern Ihnen Zahlen f\u00fcr Ihre erfolgreiche Markenf\u00fchrung.<\/p>\r\n<p><\/p>\r\n<p>Vergleichen Sie Markenst\u00e4rke, Wahrnehmung und Position Ihrer Marke mit ausgew\u00e4hlten Wettbewerbsmarken. Dabei erkennen Sie St\u00e4rken und Schw\u00e4chen Ihrer Marke sowie m\u00f6gliche Marktl\u00fccken.<\/p> \r\n<p><\/p>\r\n<p>Warum w\u00e4hlt der Kunde am Verkaufsregal Marke A? Viele Kauf- oder Konsumentscheidungen fallen automatisiert und ohne nachzudenken im Unterbewusstsein. Unsere implizite Messung der Markenwahrnehmung liefert Ihnen hier ein realistisches Bild Ihrer Marke in der Kaufsituation.<\/p>\r\n<ul>\r\n<li>Markenimage<\/li>\r\n<li>Markenbekanntheit<\/li><strong><\/strong>\r\n<li>Markenpositionierung<\/li>\r\n<li>Marktinformation<\/li>\r\n<li>Wettbewerbsbeobachtung<\/li>\r\n<li>Potentialforschung<\/li>\r\n<li>Marken Tracking Studien<\/li>\r\n<\/ul>\r\n<p><\/p>\r\n<p><\/p>\r\n<h2 id=\"werbung-kommunikation\">Werbung &#038; Kommunikation<\/h2>\r\n<img loading=\"lazy\" decoding=\"async\" src=\"https:\/\/trend-research.de\/wp-content\/uploads\/2016\/10\/werbung-kommunikation-300x225.jpg\" alt=\"werbung-kommunikation\" width=\"300\" height=\"225\" class=\"alignleft size-medium wp-image-209\" srcset=\"https:\/\/trend-research.de\/wp-content\/uploads\/2016\/10\/werbung-kommunikation-300x225.jpg 300w, https:\/\/trend-research.de\/wp-content\/uploads\/2016\/10\/werbung-kommunikation.jpg 683w\" sizes=\"auto, (max-width: 300px) 100vw, 300px\" \/>\r\n<p><\/p>\r\n<p>Finden Ihre Werbemittel gen\u00fcgend Aufmerksamkeit? Transportieren sie die gew\u00fcnschte Botschaft? Wie ist die Wirkung?<\/p>\r\n<p>Unsere Werbetests \u00fcberpr\u00fcfen die Leistungskennwerte Ihrer Werbemittel wie Brand Awareness, Recall, Recognition, Sympathie und Gefallen, erinnerte Werbekan\u00e4le und Aktivierungsleistung. \r\nDamit haben Sie alle wesentlichen Zahlen f\u00fcr die Auswahl und Optimierung Ihrer Werbemittel im \u00dcberblick, ebenso f\u00fcr die Aussteuerung Ihrer Kampagne.<\/p>\r\n<p>Um die Wirkung des Werbemittels auf das Markenimage sicher zu pr\u00fcfen, messen wir die relevanten Imagedimensionen im Test einmal vor und ein zweites Mal nach Vorlage der Werbemittel. Unterschiede im Vorher-Nachher-Vergleich zeigen dann eindeutig die Werbeeffekte.<\/p>\r\n<ul>\r\n<li>Werbemittel Pretest<\/li>\r\n<li>Werbemittel Posttest<\/li>\r\n<li>Werbeerfolgskontrollen<\/li>\r\n<li>Kampagnentracking<\/li>\r\n<li>Slogan- und Claim-Test<\/li>\r\n<li>Implizit<\/li>\r\n<\/ul>\r\n<p>Regelm\u00e4\u00dfig evaluieren wir f\u00fcr Radiowerbekunden von <a target=\"blank\" href=\"http:\/\/www.more-marketing.de\/blog\/wirksamkeit-von-radiospots-werbemitteltest-marktforschung-medieneinsatz\/\" rel=\"noopener\"><strong>MORE Marketing<\/strong><\/a> die Wirksamkeit von Radiospots.<\/p>\r\n<p><\/p>\r\n<h2 id=\"produkte-konzepte\">Produkte &#038; Konzepte<\/h2>\r\n<img loading=\"lazy\" decoding=\"async\" src=\"https:\/\/trend-research.de\/wp-content\/uploads\/2016\/10\/produkte-konzepte-295x300.jpg\" alt=\"produkte-konzepte\" width=\"295\" height=\"300\" class=\"alignleft size-medium wp-image-206\" srcset=\"https:\/\/trend-research.de\/wp-content\/uploads\/2016\/10\/produkte-konzepte-295x300.jpg 295w, https:\/\/trend-research.de\/wp-content\/uploads\/2016\/10\/produkte-konzepte.jpg 587w\" sizes=\"auto, (max-width: 295px) 100vw, 295px\" \/>\r\n<p><\/p>\r\n<p>Produkte m\u00fcssen sich an den Erwartungen und Interessen des Nutzers orientieren. Nur so kann es sich langfristig erfolgreich auf dem Markt etablieren und halten.<\/p>\r\n<p>Bereits in der Entwicklungsphase von neuen Produkten oder Angeboten pr\u00fcft unser Konzepttest, was Konsumenten von Ihren Ideen halten: Welche Eigenschaften sind f\u00fcr den Konsumenten relevant? Wie ist die Position gegen\u00fcber dem Wettbewerb? Welche Variante wird pr\u00e4feriert? Noch in der Planungsphase k\u00f6nnen Sie dadurch Ihr Konzept optimieren und die Akzeptanz Ihres Angebots beim Markteintritt erh\u00f6hen.<\/p>\r\n<p>Genauso wichtig ist es zu sehen, wie Produkte unter realen Bedingungen funktionieren. Wie bewerten Kunden Ihr Angebot? Gibt es Optimierungsbedarf? Wo sollte ein Relaunch ansetzen?\r\n<\/p>\r\n<ul>\r\n<li>Konzepttest<\/li>\r\n<li>Produkttest<\/li>\r\n<li>Produktvalidierung<\/li>\r\n<li>Packungs- \/Ausstattungstest<\/li>\r\n<li>Usabilityforschung<\/li>\r\n<\/ul>\r\n<h2 id=\"kunde-company\">Kunde &#038; Company<\/h2>\r\n<img loading=\"lazy\" decoding=\"async\" src=\"https:\/\/trend-research.de\/wp-content\/uploads\/2016\/10\/kunden-company-300x200.jpg\" alt=\"kunden-company\" width=\"300\" height=\"200\" class=\"alignleft size-medium wp-image-204\" srcset=\"https:\/\/trend-research.de\/wp-content\/uploads\/2016\/10\/kunden-company-300x200.jpg 300w, https:\/\/trend-research.de\/wp-content\/uploads\/2016\/10\/kunden-company.jpg 724w\" sizes=\"auto, (max-width: 300px) 100vw, 300px\" \/>\r\n<p><\/p>\r\n<p>Zufriedene Kunden und Mitarbeiter sind Schl\u00fcssel f\u00fcr ein nachhaltiges Erfolgsrezept, denn nur diese lassen sich langfristig an die Marke bzw. das Unternehmen binden und sprechen Weiterempfehlungen aus.<\/p>\r\n<p>Unsere Befragungen bei Kunden und Mitarbeitern ermitteln die zentralen Treiber der Zufriedenheit. Dazu werden f\u00fcr die verschiedenen Zufriedenheitsdimensionen Zufriedenheitswerte erhoben und deren Relevanz gepr\u00fcft.<\/p> \r\n<p>Beides zusammen ergibt ein klares Bild der St\u00e4rken und Schw\u00e4chen. Die effektivsten Ansatzpunkte f\u00fcr Verbesserungsma\u00dfnahmen werden darin aufgezeigt.<\/p>\r\n<ul>\r\n<li>Kundenzufriedenheit<\/li>\r\n<li>B2B-Befragungen<\/li>\r\n<li>Zielgruppenselektion- \/-Kundenstruktur<\/li>\r\n<li>Insightgenerierung<\/li>\r\n<li>Mitarbeiterbefragungen<\/li>\r\n<\/ul>\r\n\r\n<h2 id=\"trends-meinungen\">Trends &#038; Meinungen<\/h2>\r\n<img loading=\"lazy\" decoding=\"async\" src=\"https:\/\/trend-research.de\/wp-content\/uploads\/2016\/10\/trends-meinungen-300x215.jpg\" alt=\"trends-meinungen\" width=\"300\" height=\"215\" class=\"alignleft size-medium wp-image-202\" srcset=\"https:\/\/trend-research.de\/wp-content\/uploads\/2016\/10\/trends-meinungen-300x215.jpg 300w, https:\/\/trend-research.de\/wp-content\/uploads\/2016\/10\/trends-meinungen.jpg 725w\" sizes=\"auto, (max-width: 300px) 100vw, 300px\" \/>\r\n<p><\/p>\r\n<p>In der Medienforschung untersuchen wir Inhalte und Reichweiten\/Nutzungsh\u00e4ufigkeiten von Werbetr\u00e4gern.<\/p>\r\n<p>Unsere Onlinewahlumfragen mit der Sonntagsfrage zur politischen Stimmung im Land erweisen sich regelm\u00e4\u00dfig als treffgenau. Sie sind Beleg f\u00fcr die hohe Ergebnisqualit\u00e4t unserer Online-Befragungen.<\/p>\r\n<ul>\r\n<li>Redaktionelle Marktforschung<\/li>\r\n<li>Politikforschung<\/li>\r\n<li>Fernsehforschung<\/li>\r\n<li>Radioforschung<\/li>\r\n<li>Musikforschung<\/li>\r\n<li>Aktuelle Themen zu Gesellschaft, Sport und Politik<\/li>\r\n<\/ul>\r\n\r\n<\/div>\r\n<div class=\"col-md-3 col-md-pull-9\">\r\n<div id=\"sidebar\" class=\"sidebar left\">\r\n<div class=\"widget\">\r\n<ul class=\"ol-side-navigation skin-dark\">\r\n<li class=\"menu-item forschung-1\"><a href=\"#maerkte-marken\">M\u00e4rkte &#038; Marken<\/a>\r\n<li class=\"menu-item forschung-2\"><a href=\"#werbung-kommunikation\">Werbung &#038; Kommunikation<\/a>\r\n<li class=\"menu-item forschung-3\"><a href=\"#produkte-konzepte\">Produkte &#038; Konzepte<\/a>\r\n<li class=\"menu-item forschung-4\"><a href=\"#kunde-company\">Kunde &#038; Company<\/a>\r\n<li class=\"menu-item forschung-5\"><a href=\"#trends-meinungen\">Trends &#038; Meinungen<\/a>\r\n<\/ul>\r\n<!-- #####End sub-menu-->\r\n<\/li>\r\n<\/ul>\r\n<\/li>\r\n<\/ul>\r\n<\/div>\r\n<\/div>\r\n<\/div>\r\n<\/div>\r\n<\/div>\r\n<\/section>","protected":false},"excerpt":{"rendered":"M\u00e4rkte &#038; Marken Unsere Befragungen mit potentiellen Konsumenten liefern Ihnen Zahlen f\u00fcr Ihre erfolgreiche Markenf\u00fchrung. Vergleichen Sie Markenst\u00e4rke, Wahrnehmung und Position Ihrer Marke mit ausgew\u00e4hlten Wettbewerbsmarken. Dabei erkennen Sie St\u00e4rken und Schw\u00e4chen Ihrer Marke sowie m\u00f6gliche Marktl\u00fccken. Warum w\u00e4hlt der Kunde am Verkaufsregal Marke A? Viele Kauf- oder Konsumentscheidungen fallen &hellip; <a href=\"https:\/\/trend-research.de\/de\/forschungsbereiche\/forschung\/\" class=\"read-more btn btn-small btn-round btn-anim-drawer\"><span class=\"screen-reader-text\">Forschung<\/span> weiterlesen<\/a>","protected":false},"author":1,"featured_media":0,"parent":18,"menu_order":0,"comment_status":"closed","ping_status":"closed","template":"","meta":{"_acf_changed":false,"footnotes":""},"class_list":["post-93","page","type-page","status-publish","hentry"],"acf":[],"_links":{"self":[{"href":"https:\/\/trend-research.de\/de\/wp-json\/wp\/v2\/pages\/93","targetHints":{"allow":["GET"]}}],"collection":[{"href":"https:\/\/trend-research.de\/de\/wp-json\/wp\/v2\/pages"}],"about":[{"href":"https:\/\/trend-research.de\/de\/wp-json\/wp\/v2\/types\/page"}],"author":[{"embeddable":true,"href":"https:\/\/trend-research.de\/de\/wp-json\/wp\/v2\/users\/1"}],"replies":[{"embeddable":true,"href":"https:\/\/trend-research.de\/de\/wp-json\/wp\/v2\/comments?post=93"}],"version-history":[{"count":41,"href":"https:\/\/trend-research.de\/de\/wp-json\/wp\/v2\/pages\/93\/revisions"}],"predecessor-version":[{"id":161,"href":"https:\/\/trend-research.de\/de\/wp-json\/wp\/v2\/pages\/93\/revisions\/161"}],"up":[{"embeddable":true,"href":"https:\/\/trend-research.de\/de\/wp-json\/wp\/v2\/pages\/18"}],"wp:attachment":[{"href":"https:\/\/trend-research.de\/de\/wp-json\/wp\/v2\/media?parent=93"}],"curies":[{"name":"wp","href":"https:\/\/api.w.org\/{rel}","templated":true}]}}