{"id":7,"date":"2016-10-10T21:34:04","date_gmt":"2016-10-10T19:34:04","guid":{"rendered":"https:\/\/trend-research.de\/?page_id=7"},"modified":"2022-10-21T12:48:02","modified_gmt":"2022-10-21T10:48:02","slug":"kontakt","status":"publish","type":"page","link":"https:\/\/trend-research.de\/de\/kontakt\/","title":{"rendered":"Kontakt"},"content":{"rendered":"<section class=\"section bg-gray\">\r\n<div class=\"container\">\r\n<div class=\"row\">\r\n<div class=\"col-md-4\">\r\n<h3 class=\"with-shaded-label\"><span class=\"shaded-label\">Kontakt<\/span>Hier finden Sie uns<\/h3>\r\n<div class=\"sp-blank-20\"><\/div>\r\nSie erreichen uns Werktags zwischen 9 &#8211; 18 Uhr.\r\n<ul class=\"icon-list\">\r\n \t<li><i class=\"oli oli-envelope\"><\/i><a href=\"mailto:kontakt@trend-research.de\">kontakt@trend-research.de<\/a><\/li>\r\n \t<li><i class=\"oli oli-map\"><\/i>Grasweg 6A, 22299 Hamburg, Germany<\/li>\r\n \t<li><i class=\"oli oli-phone\"><\/i>Office: +49 40 321819-0<\/li>\r\n<\/ul>\r\n<\/div>\r\n<div class=\"col-md-8\">\n<div class=\"wpcf7 no-js\" id=\"wpcf7-f77-o1\" lang=\"de-DE\" dir=\"ltr\" data-wpcf7-id=\"77\">\n<div class=\"screen-reader-response\"><p role=\"status\" aria-live=\"polite\" aria-atomic=\"true\"><\/p> <ul><\/ul><\/div>\n<form action=\"\/de\/wp-json\/wp\/v2\/pages\/7#wpcf7-f77-o1\" method=\"post\" class=\"wpcf7-form init\" aria-label=\"Kontaktformular\" novalidate=\"novalidate\" data-status=\"init\">\n<fieldset class=\"hidden-fields-container\"><input type=\"hidden\" name=\"_wpcf7\" value=\"77\" \/><input type=\"hidden\" name=\"_wpcf7_version\" value=\"6.1.5\" \/><input type=\"hidden\" name=\"_wpcf7_locale\" value=\"de_DE\" \/><input type=\"hidden\" name=\"_wpcf7_unit_tag\" value=\"wpcf7-f77-o1\" \/><input type=\"hidden\" name=\"_wpcf7_container_post\" value=\"0\" \/><input type=\"hidden\" name=\"_wpcf7_posted_data_hash\" value=\"\" \/>\n<\/fieldset>\n<div class=\"row multi-columns-row col-margin-bottom-20\">\n\t<div class=\"col-md-6\">\n\t\t<p><label for=\"firma\">Firma<\/label><br \/>\n<span class=\"wpcf7-form-control-wrap\" data-name=\"firma\"><input size=\"40\" maxlength=\"400\" class=\"wpcf7-form-control wpcf7-text wpcf7-validates-as-required form-control\" id=\"firma\" aria-required=\"true\" aria-invalid=\"false\" value=\"\" type=\"text\" name=\"firma\" \/><\/span>\n\t\t<\/p>\n\t<\/div>\n\t<div class=\"col-md-6\">\n\t\t<p><label for=\"name\">Name<\/label><br \/>\n<span class=\"wpcf7-form-control-wrap\" data-name=\"name-1\"><input size=\"40\" maxlength=\"400\" class=\"wpcf7-form-control wpcf7-text wpcf7-validates-as-required form-control\" id=\"name-1\" aria-required=\"true\" aria-invalid=\"false\" value=\"\" type=\"text\" name=\"name-1\" \/><\/span>\n\t\t<\/p>\n\t<\/div>\n\t<div class=\"col-md-6\">\n\t\t<p><label for=\"betreff\">Betreff<\/label><br \/>\n<span class=\"wpcf7-form-control-wrap\" data-name=\"betreff\"><input size=\"40\" maxlength=\"400\" class=\"wpcf7-form-control wpcf7-text wpcf7-validates-as-required form-control\" id=\"betreff\" aria-required=\"true\" aria-invalid=\"false\" value=\"\" type=\"text\" name=\"betreff\" \/><\/span>\n\t\t<\/p>\n\t<\/div>\n\t<div class=\"col-md-6\">\n\t\t<p><label for=\"email\">Email<\/label><br \/>\n<span class=\"wpcf7-form-control-wrap\" data-name=\"email\"><input size=\"40\" maxlength=\"400\" class=\"wpcf7-form-control wpcf7-email wpcf7-validates-as-required wpcf7-text wpcf7-validates-as-email form-control\" id=\"email\" aria-required=\"true\" aria-invalid=\"false\" value=\"\" type=\"email\" name=\"email\" \/><\/span>\n\t\t<\/p>\n\t<\/div>\n\t<div class=\"col-md-6\">\n\t\t<p><label for=\"back\">R\u00fcckruf<\/label><br \/>\n<span class=\"wpcf7-form-control-wrap\" data-name=\"back\"><span class=\"wpcf7-form-control wpcf7-checkbox\" id=\"back\"><span class=\"wpcf7-list-item first last\"><label><input type=\"checkbox\" name=\"back[]\" value=\"Ich m\u00f6chte zur\u00fcckgerufen werden\" \/><span class=\"wpcf7-list-item-label\">Ich m\u00f6chte zur\u00fcckgerufen werden<\/span><\/label><\/span><\/span><\/span>\n\t\t<\/p>\n\t<\/div>\n\t<div class=\"col-md-6\">\n\t\t<p><label for=\"tel\">Telefon<\/label><br \/>\n<span class=\"wpcf7-form-control-wrap\" data-name=\"tel\"><input size=\"40\" maxlength=\"400\" class=\"wpcf7-form-control wpcf7-tel wpcf7-text wpcf7-validates-as-tel form-control\" id=\"tel\" aria-invalid=\"false\" value=\"\" type=\"tel\" name=\"tel\" \/><\/span>\n\t\t<\/p>\n\t<\/div>\n\t<div class=\"col-md-12\">\n\t\t<p><label for=\"nachricht\">Nachricht<\/label><br \/>\n<span class=\"wpcf7-form-control-wrap\" data-name=\"nachricht\"><textarea cols=\"40\" rows=\"10\" maxlength=\"2000\" class=\"wpcf7-form-control wpcf7-textarea form-control\" id=\"message\" aria-invalid=\"false\" name=\"nachricht\"><\/textarea><\/span>\n\t\t<\/p>\n\t<\/div>\n\t<div class=\"col-md-12\">\n\t\t<p><strong>Datenschutz: Ihre Angaben werden ausschlie\u00dflich f\u00fcr die Bearbeitung Ihrer Anfrage genutzt. Die Daten werden vertraulich behandelt und nicht an Dritte weitergegeben. Weitere Informationen finden Sie <a href=\"https:\/\/trend-research.de\/datenschutzerklaerung\/\">hier<\/a>.<\/strong>\n\t\t<\/p>\n\t\t<p><span class=\"wpcf7-form-control-wrap\" data-name=\"zustimmung\"><span class=\"wpcf7-form-control wpcf7-checkbox wpcf7-validates-as-required\"><span class=\"wpcf7-list-item first last\"><input type=\"checkbox\" name=\"zustimmung[]\" value=\"Ja, ich bin damit einverstanden, dass die Trend Research GmbH meine vorstehend eingegebenen Daten gem\u00e4\u00df den Datenschutzbestimmungen speichert und nutzt, um mich f\u00fcr aktuelle Informationen und Angebote zu kontaktieren. Mir ist bekannt, dass ich diese Einwilligung jederzeit kostenlos per E-Mail an info@trend-research.de f\u00fcr die Zukunft widerrufen kann und dass meine pers\u00f6nlichen Daten auf Wunsch gel\u00f6scht oder gesperrt werden.\" \/><span class=\"wpcf7-list-item-label\">Ja, ich bin damit einverstanden, dass die Trend Research GmbH meine vorstehend eingegebenen Daten gem\u00e4\u00df den Datenschutzbestimmungen speichert und nutzt, um mich f\u00fcr aktuelle Informationen und Angebote zu kontaktieren. Mir ist bekannt, dass ich diese Einwilligung jederzeit kostenlos per E-Mail an info@trend-research.de f\u00fcr die Zukunft widerrufen kann und dass meine pers\u00f6nlichen Daten auf Wunsch gel\u00f6scht oder gesperrt werden.<\/span><\/span><\/span><\/span>\n\t\t<\/p>\n\t<\/div>\n\t<div class=\"col-md-12\">\n\t\t<p><div class=\"altcha-widget-wrap\"><altcha-widget challengeurl=\"https:\/\/trend-research.de\/de\/wp-json\/altcha\/v1\/challenge\" strings=\"{&quot;error&quot;:&quot;Verifizierung fehlgeschlagen. Bitte versuchen Sie es sp\\u00e4ter erneut.&quot;,&quot;footer&quot;:&quot;Gesch\\u00fctzt durch &lt;a href=\\&quot;https:\\\/\\\/altcha.org\\\/\\&quot; target=\\&quot;_blank\\&quot;&gt;ALTCHA&lt;\\\/a&gt;&quot;,&quot;label&quot;:&quot;Ich bin kein Roboter&quot;,&quot;verified&quot;:&quot;\\u00dcberpr\\u00fcft&quot;,&quot;verifying&quot;:&quot;\\u00dcberpr\\u00fcfung...&quot;,&quot;waitAlert&quot;:&quot;\\u00dcberpr\\u00fcfung... Bitte warten.&quot;}\" auto=\"onfocus\" hidefooter=\"1\"><\/altcha-widget><noscript><div class=\"altcha-no-javascript\">This form requires JavaScript!<\/div><\/noscript><\/div><input class=\"wpcf7-form-control wpcf7-submit has-spinner btn btn-small btn-wide pull-right\" type=\"submit\" value=\"Senden\" \/>\n\t\t<\/p>\n\t<\/div>\n<\/div><div class=\"wpcf7-response-output\" aria-hidden=\"true\"><\/div>\n<\/form>\n<\/div>\n<\/div>\r\n<\/div>\r\n<\/div>\r\n<\/section>","protected":false},"excerpt":{"rendered":"KontaktHier finden Sie uns Sie erreichen uns Werktags zwischen 9 &#8211; 18 Uhr. kontakt@trend-research.de Grasweg 6A, 22299 Hamburg, Germany Office: +49 40 321819-0","protected":false},"author":1,"featured_media":0,"parent":0,"menu_order":0,"comment_status":"closed","ping_status":"closed","template":"","meta":{"_acf_changed":false,"footnotes":""},"class_list":["post-7","page","type-page","status-publish","hentry"],"acf":[],"_links":{"self":[{"href":"https:\/\/trend-research.de\/de\/wp-json\/wp\/v2\/pages\/7","targetHints":{"allow":["GET"]}}],"collection":[{"href":"https:\/\/trend-research.de\/de\/wp-json\/wp\/v2\/pages"}],"about":[{"href":"https:\/\/trend-research.de\/de\/wp-json\/wp\/v2\/types\/page"}],"author":[{"embeddable":true,"href":"https:\/\/trend-research.de\/de\/wp-json\/wp\/v2\/users\/1"}],"replies":[{"embeddable":true,"href":"https:\/\/trend-research.de\/de\/wp-json\/wp\/v2\/comments?post=7"}],"version-history":[{"count":61,"href":"https:\/\/trend-research.de\/de\/wp-json\/wp\/v2\/pages\/7\/revisions"}],"predecessor-version":[{"id":1217,"href":"https:\/\/trend-research.de\/de\/wp-json\/wp\/v2\/pages\/7\/revisions\/1217"}],"wp:attachment":[{"href":"https:\/\/trend-research.de\/de\/wp-json\/wp\/v2\/media?parent=7"}],"curies":[{"name":"wp","href":"https:\/\/api.w.org\/{rel}","templated":true}]}}