{"id":326,"date":"2016-11-21T22:19:41","date_gmt":"2016-11-21T21:19:41","guid":{"rendered":"https:\/\/trend-research.de\/?page_id=326"},"modified":"2025-06-20T09:07:25","modified_gmt":"2025-06-20T07:07:25","slug":"online","status":"publish","type":"page","link":"https:\/\/trend-research.de\/de\/methoden-analyse\/methoden-analyse\/","title":{"rendered":"Methoden &#038; Analyse"},"content":{"rendered":"<section class=\"section\">\r\n<div class=\"container\">\r\n    <div class=\"row\">\r\n        <div class=\"col-md-9 col-md-push-3\">\r\n            <div class=\"pub-item with-icon\">\r\n                <div class=\"elem-wrapper\">\r\n                    <i class=\"oli oli-multiple_devices\"><\/i>\r\n                <\/div>\r\n                <div class=\"content-wrapper\">\r\n                    <h2 id=\"online\">Online<\/h2>\r\n\t\t\t\t\t<p><strong>Online-Befragungen: <\/strong><br>\r\n\t\t\t\t\t<p>F\u00fcr alle Online-Befragungen stehen wir Ihnen mit unserem Know-how und modernster Technik zur Seite. Die Befragungen k\u00f6nnen auf allen Devices, auf dem PC oder Laptop oder, bei geeigneten Befragungen, mit iOS- und Android-basierten Ger\u00e4ten mobil durchgef\u00fchrt werden. Der Fragebogen im Responsive Design entspricht allen Anforderungen an mobile Befragungen. Die Benutzerf\u00fchrung erfolgt f\u00fcr den Befragten intuitiv.\r\nUnsere Panel-App, die TRENDFRAGE-App, bietet die maximale Erreichbarkeit unserer Teilnehmer. Es ist m\u00f6glich, ausgew\u00e4hlte Umfragen ausschlie\u00dflich mobil auf dem Smartphone oder Tablet erscheinen zu lassen.\r\nWir setzen auf kreative und innovative Tools und Befragungsinstrumente und passen diese gern auch Ihren individuellen Anforderungen an.<\/p>\r\n\r\n\t\t\t\t\t<p><strong>E-Mail-Befragungen:<\/strong><br>\r\n\t\t\t\t\tHier verwenden wir Ihre Adresslisten.<\/p>\r\n\r\n\t\t\t\t        <p><strong>Onsite:<\/strong><br>\r\n\t\t\t\t\tErfahren Sie mehr \u00fcber die Besucher Ihrer Website und die Akzeptanz Ihrer Online-Pr\u00e4senz. Erg\u00e4nzend k\u00f6nnen wir die Wirkung von Online-Werbemitteln auf Ihrer Seite testen.<\/p>\r\n\t\t\t\t        <p><strong>Qualitative Forschung:<\/strong><br>\r\n\t\t\t\t\t<p>Er\u00f6ffnen Sie sich neue Einsichten in Ihre Zielgruppen und deren Konsumverhalten mit der qualitativen Online-Forschung.<\/p>\r\n\t\t\t\t\t<p>Anwendungsbeispiele:<\/p>\r\n<ul>\r\n\t\t\t\t\t\t<li>Expertenrunden im Chat<\/li>\r\n\t\t\t\t\t\t<li>Regelm\u00e4\u00dfige Kunden-Foren<\/li>\r\n\t\t\t\t\t\t<li>Insight Communities<\/li>\r\n\t\t\t\t\t\t<li>Konsumententageb\u00fccher<\/li>\r\n\t\t\t\t\t\t<li>In-Home-Tests<\/li>\r\n\t\t\t\t\t<\/ul>\r\n\t\t\t\t\t<p>In unseren Communities oder Blogs richten unsere Moderatoren in einem variablen Zeitraum Themenbeitr\u00e4ge (Fragen) an die Teilnehmer Ihrer Zielgruppe. Jeder Teilnehmer der Blog-Community beantwortet diese t\u00e4glich umfassend.<\/p>\r\n\r\n\t\t\t\t\t<p><strong>Diaries\/Communities:<\/strong><br>\r\n\t\t\t\t\tIn unseren Diaries, Communities oder Blogs richten unsere Moderatoren in einem variablen Zeitraum Themenbeitr\u00e4ge (Fragen) an die Teilnehmer Ihrer Zielgruppe.\r\n\t\t\t\t\tJeder Teilnehmer der Blog-Community beantwortet diese t\u00e4glich umfassend, so dass qualitative Aspekte aufgedeckt werden.<\/p>\r\n\r\n\t\t\t\t\t<p><strong>Ad-Trackings (Kontaktmessung):<\/strong><br>\r\n\t\t\t\t\tWir bieten Ihnen bei Online-Kampagnen nicht nur die klassische Abfrage von Werbetr\u00e4gerkontakten an, sondern auch die direkte Messung von Online-Werbemittelkontakten, sowohl bei  station\u00e4ren als auch bei mobilen Kontakten.<\/p>\r\n\r\n\t\t\t\t\t<p>Um zu ermitteln, welchen Einfluss Ihre Online-Kampagnen auf die Marken-Indikatoren haben, k\u00f6nnen wir Personen mit und ohne Werbekontakt (Vergleichsgruppe) befragen: z.B. Brand Awareness, Ad Awareness, Recognition, Image, Kaufbereitschaft, andere Medienkontakte. Dadurch kann der Impact der Kampagne sowie die inkrementelle Reichweite im Medien-Mix ermittelt werden.<\/p>\r\n\r\n\t\t\t\t\t<p><strong>Panel App mit Geofencing:<\/strong><br>\r\n\t\t\t\t\tIntegriert in unsere Befragungs-App, erm\u00f6glicht die Geolocation die eindeutige Identifizierung und Ortung von Panelteilnehmern an einem zuvor definierten \u201eFixpunkt\u201c.\r\n\t\t\t\t\tSie erhalten das Feedback Ihrer Kunden genau im richtigen Moment, egal ob am POS, In-Store-Check oder bei der Querung einer bestimmten Plakatstelle.<\/p>\r\n\r\n\t\t\t\t\t<p><strong>Usability-Forschung:<\/strong><br>\r\n\t\t\t\t\tProdukte, Websites und Apps m\u00fcssen f\u00fcr den User bestm\u00f6glich bedienbar sein und positiv performen.\r\n\t\t\t\t\tIst dies nicht der Fall, dann m\u00fcssen Ver\u00e4nderungen in der Usability vorgenommen werden. Mit unserer Usability-Forschung setzen wir genau dort an.<\/p>\r\n\r\n\t\t\t\t\t<p><strong>Musikforschung:<\/strong><br>\r\n\t\t\t\t\t\tLaufende Kontrolle der Akzeptanz des Musikformats und Reichweitentracking f\u00fcr Radiosender.<\/p>\r\n\t\t\t\t<\/div>\r\n\t\t\t<\/div>\r\n\t\t\t<div class=\"pub-item with-icon\">\r\n\t\t\t\t<div class=\"elem-wrapper\">\r\n\t\t\t\t\t<i class=\"oli oli-line_chart\"><\/i>\r\n\t\t\t\t<\/div>\r\n\t\t\t\t<div class=\"content-wrapper\">\r\n\t\t\t\t\t<h2 id=\"analyse\">Analyse<\/h2>\r\n\t\t\t\t\t<p>Tabellarische Z\u00e4hlungen, zielf\u00fchrende Charts und Reportings geh\u00f6ren zu unserem Standard. Spezielle Verfahren verwenden wir, um Informationen zu verdichten und um Zusammenh\u00e4nge zwischen Merkmalen aufzudecken oder zu erkl\u00e4ren: Z.B. um die Treiber von Markengefallen oder Kundenzufriedenheit zu ermitteln und Ihnen Ansatzpunkte f\u00fcr Verbesserungsma\u00dfnahmen aufzuzeigen.<\/p>\r\n\t\t\t\t\t<p>Weitere spezielle Methoden wenden wir an, um Wichtigkeiten von Produkt- oder Angebotsmerkmalen m\u00f6glichst genau abzubilden und so ein klares Anforderungsprofil zu zeichnen: Entweder als Ranking oder als Einteilung in Basisanforderungen, Leistungs- und Begeisterungsmerkmale.<\/p>\r\n\r\n\t\t\t\t\t<ul>\r\n\t\t\t\t\t<li>Korrelationsanalyse<\/li>\r\n\t\t\t\t\t<li>Clusteranalyse <\/li>\r\n\t\t\t\t\t<li>Faktorenanalyse<\/li>\r\n\t\t\t\t\t<li>Treiberanalyse<\/li>\r\n\t\t\t\t\t<li>MAXimum DIFFerence<\/li>\r\n\t\t\t\t\t<li>Kano-Modell<\/li>\r\n\t\t\t\t\t<\/ul>\r\n\t\t\t\t<\/div>\r\n\t\t\t<\/div>\r\n\t\t\t<div class=\"pub-item with-icon\">\r\n\t\t\t\t<div class=\"elem-wrapper\">\r\n\t\t\t\t\t<i class=\"offline\"><\/i>\r\n\t\t\t\t<\/div>\r\n\t\t\t\t<div class=\"content-wrapper\">\r\n\t\t\t\t\t<h2 id=\"offline\">Offline<\/h2>\r\n\t\t\t\t\t<p><strong>Face-to-Face:<\/strong><br>\r\n\t\t\t\t\tFace-to-Face-Befragungen bieten sich insbesondere f\u00fcr Befragungen am POS oder anderen belebten Orten an. Wir f\u00fchren diese Befragungen mit Tablets durch.<\/p>\r\n\t\t\t\t\t<p><strong>Eye-Tracking:<\/strong><br>\r\n\t\t\t\t\t<p><strong>Attention please! \u2013 Mit Eye Tracking messen wir die Auff\u00e4lligkeit Ihrer Kampagne oder einzelner Werbemittel bei Ihrer Zielgruppe<\/strong><\/p>\r\n\t\t\t\t\t<p>Wie aufmerksamkeitsstark ist Ihre Kampagne? Werbeblindheit ist ein gro\u00dfes Problem des digitalen Zeitalters. Ist Ihre Werbung attraktiv genug, um die Aufmerkamkeit Ihrer Zielgruppe zu gewinnen? Wie lange betrachtet der Nutzer Ihren Online-Banner, das CLP auf dem Weg zur Arbeit oder aber Ihre Anzeige in Printmedien? Pr\u00e4gt sich der Nutzer Ihre Botschaft ein?<\/p>\r\n\t\t\t\t\t<p>Egal wo, mit unseren Eye-Tracking Methoden erfassen und analysieren wir das Blickverhalten Ihrer Zielgruppe, egal ob am heimischen PC, auf mobilen Devices (Smartphones oder Tablets), vor dem TV, in Printmedien oder Out-of-Home.<\/p>\r\n\t\t\t\t\t<p>Mit aktuellster Tobii-Technologie, den portablen Tobii pro Glasses oder Tobii pro Nano machen wir dabei das Unterbewusste messbar. Und dabei ist es immer wieder erstaunlich, mit welcher Genauigkeit die Blicke der Nutzer aufgezeichnet werden.<\/p>\r\n\t\t\t\t\t<div class=\"row py-2\">\r\n\t\t\t\t\t\t<div class=\"col-md-6 col-xs-12\">\r\n\t\t\t\t\t\t\t<img decoding=\"async\" src=\"https:\/\/trend-research.de\/wp-content\/uploads\/2020\/02\/tobii-pro-nano.jpg\" alt=\"\">\r\n\t\t\t\t\t\t<\/div>\r\n\t\t\t\t\t\t<div class=\"col-md-6 col-xs-12\">\r\n\t\t\t\t\t\t\t<img decoding=\"async\" src=\"https:\/\/trend-research.de\/wp-content\/uploads\/2020\/02\/TobiiPro_Glasses2.jpg\" alt=\"\">\r\n\t\t\t\t\t\t<\/div>\r\n\t\t\t\t\t<\/div>\r\n\t\t\t\t\t<p><\/p>\r\n\t\t\t\t\t<p>Jede Aufzeichnung liefert Ihnen eine gro\u00dfe Menge quantitativer Daten und erm\u00f6glicht Ihnen die Ergebnisse auf einem Blick zu erfassen. Heatmaps (Blickwolken) und Gazeplots (Blickverl\u00e4ufe) sind nur zwei Varianten um die wertvollen Insights Ihrer Zielgruppe zusammenzufassen:<\/p>\r\n\t\t\t\t\t<div class=\"row py-2\">\r\n\t\t\t\t\t\t<div class=\"col-md-12 col-xs-12\">\r\n\t\t\t\t\t\t\t<img decoding=\"async\" src=\"https:\/\/trend-research.de\/wp-content\/uploads\/2020\/02\/gaze_final.jpg\" alt=\"\">\r\n\t\t\t\t\t\t<\/div>\r\n\t\t\t\t\t<\/div>\r\n\t\t\t\t\t<p><\/p>\r\n\t\t\t\t\t<div class=\"row py-2\">\r\n\t\t\t\t\t\t<div class=\"col-md-12 col-xs-12\">\r\n\t\t\t\t\t\t\t<img decoding=\"async\" src=\"https:\/\/trend-research.de\/wp-content\/uploads\/2020\/02\/heat_final.jpg\" alt=\"\">\r\n\t\t\t\t\t\t<\/div>\r\n\t\t\t\t\t<\/div>\r\n\t\t\t\t\t<p><\/p>\r\n\t\t\t\t\t<p><strong>Areas of Interest (AOI):<\/strong><br>\r\n\t\t\t\t\tWie lange werden bestimmte Bereiche betrachtet? Mithilfe von Eye Tracking l\u00e4sst sich herausfinden, wie viel Zeit der Besucher auf Ihrem Werbemittel verbringt. Und das millisekundengenau. Die Verweildauer l\u00e4sst sich anschlie\u00dfend ins Verh\u00e4ltnis zu anderen Bereichen setzen. Und das aggregiert f\u00fcr alle Probanden.<\/p>\r\n\r\n\t\t\t\t\t<p><strong>Time to First Fixation (TTFF):<\/strong><br>\r\n\t\t\t\t\tWie lange dauert es, bis der Nutzer das erste Mal Ihre Werbung wahrnimmt? Wie pr\u00e4sent sind Sie f\u00fcr den Nutzer? Mit der TTFF l\u00e4sst sich genau ermitteln, wie schnell der Nutzer aufmerksam wird.<\/p>\r\n\r\n\t\t\t\t\t<p><strong>Returns:<\/strong><br>\r\n\t\t\t\t\tF\u00fcgt man dann noch die Anzahl der Wiederkontakte hinzu, entsteht ein klares Bild. Hat der Nutzer Ihre Werbung nach dem ersten Kontakt nicht wieder betrachtet? Oder ist er immer wieder zur\u00fcckgekehrt?<\/p>\r\n\t\t\t\t\t<p>So lassen sich Heatmaps und Gazeplots auf quantitatives Datenmaterial st\u00fctzen und in greifbare Ergebnisse verwandeln. Sie sehen nicht nur, wie der einzelne Nutzer sich verh\u00e4lt \u2013 und das auf Wunsch Live, Sie erfahren auch, wie lange, wie schnell und wie h\u00e4ufig der durchschnittliche Nutzer aufmerksam wird.<\/p>\r\n\r\n\t\t\t\t\t<p><strong>Fokusgruppen:<\/strong><br>\r\n\t\t\t\t\tMit unseren Fokusgruppen decken wir noch unbekannte Dimensionen auf und liefern Ihnen qualitative Insights zu Ihrer Zielgruppe. Die Gespr\u00e4chsrunden werden von einem Moderator gef\u00fchrt. Wir setzen Focus Groups h\u00e4ufig in fr\u00fchen Entwicklungsstadien ein, wenn Ideen entwickelt, Konzepte erstellt und alle m\u00f6glichen Anforderungen erfragt werden sollen.<\/p>\r\n\t\t\t\t\t<p>Bei weitergehenden, speziellen Anforderungen kooperieren wir mit dem <a target=\"blank\" href=\"http:\/\/www.monheimerinstitut.com\" rel=\"noopener\"><strong>Monheimer Institut MI<\/strong><\/a> f\u00fcr Markt- und Medienforschung in Monheim am Rhein\/D\u00fcsseldorf. Durch diese Partnerschaft er\u00f6ffnen wir Ihnen insbesondere in der qualitativen Forschung weitere M\u00f6glichkeiten.<\/p>\r\n\r\n\t\t\t\t<\/div>\r\n\t\t\t<\/div>\r\n\t\t<\/div>\r\n\t\t<div class=\"col-md-3 col-md-pull-9\">\r\n\t\t\t<div id=\"sidebar\" class=\"sidebar left\">\r\n\t\t\t\t<div class=\"widget\">\r\n\t\t\t\t\t<ul class=\"ol-side-navigation skin-dark\">\r\n\t\t\t\t\t\t<li class=\"menu-item li-blue-bg\"><a href=\"#online\">Online<\/a>\r\n\t\t\t\t\t\t<li class=\"menu-item li-green-bg\"><a href=\"#analyse\">Analyse<\/a>\r\n\t\t\t\t\t\t<li class=\"menu-item li-purple-bg\"><a href=\"#offline\">Offline<\/a>\r\n\t\t\t\t\t<\/ul>\r\n\t\t\t\t<\/div>\r\n\t\t\t<\/div>\r\n\t\t<\/div>\r\n\t<\/div>\r\n<\/div>\r\n<\/section>","protected":false},"excerpt":{"rendered":"Online Online-Befragungen: F\u00fcr alle Online-Befragungen stehen wir Ihnen mit unserem Know-how und modernster Technik zur Seite. Die Befragungen k\u00f6nnen auf allen Devices, auf dem PC oder Laptop oder, bei geeigneten Befragungen, mit iOS- und Android-basierten Ger\u00e4ten mobil durchgef\u00fchrt werden. Der Fragebogen im Responsive Design entspricht allen Anforderungen an mobile Befragungen. &hellip; <a href=\"https:\/\/trend-research.de\/de\/methoden-analyse\/methoden-analyse\/\" class=\"read-more btn btn-small btn-round btn-anim-drawer\"><span class=\"screen-reader-text\">Methoden &#038; Analyse<\/span> weiterlesen<\/a>","protected":false},"author":1,"featured_media":0,"parent":22,"menu_order":0,"comment_status":"closed","ping_status":"closed","template":"","meta":{"_acf_changed":false,"footnotes":""},"class_list":["post-326","page","type-page","status-publish","hentry"],"acf":[],"_links":{"self":[{"href":"https:\/\/trend-research.de\/de\/wp-json\/wp\/v2\/pages\/326","targetHints":{"allow":["GET"]}}],"collection":[{"href":"https:\/\/trend-research.de\/de\/wp-json\/wp\/v2\/pages"}],"about":[{"href":"https:\/\/trend-research.de\/de\/wp-json\/wp\/v2\/types\/page"}],"author":[{"embeddable":true,"href":"https:\/\/trend-research.de\/de\/wp-json\/wp\/v2\/users\/1"}],"replies":[{"embeddable":true,"href":"https:\/\/trend-research.de\/de\/wp-json\/wp\/v2\/comments?post=326"}],"version-history":[{"count":42,"href":"https:\/\/trend-research.de\/de\/wp-json\/wp\/v2\/pages\/326\/revisions"}],"predecessor-version":[{"id":1386,"href":"https:\/\/trend-research.de\/de\/wp-json\/wp\/v2\/pages\/326\/revisions\/1386"}],"up":[{"embeddable":true,"href":"https:\/\/trend-research.de\/de\/wp-json\/wp\/v2\/pages\/22"}],"wp:attachment":[{"href":"https:\/\/trend-research.de\/de\/wp-json\/wp\/v2\/media?parent=326"}],"curies":[{"name":"wp","href":"https:\/\/api.w.org\/{rel}","templated":true}]}}