{"id":15,"date":"2016-10-11T11:02:33","date_gmt":"2016-10-11T09:02:33","guid":{"rendered":"https:\/\/trend-research.de\/?page_id=15"},"modified":"2026-03-16T11:06:18","modified_gmt":"2026-03-16T10:06:18","slug":"impressum","status":"publish","type":"page","link":"https:\/\/trend-research.de\/de\/impressum\/","title":{"rendered":"Impressum"},"content":{"rendered":"<section class=\"section\">\r\n<div class=\"container\">\r\n<div class=\"row\">\r\n<div class=\"col-md-12\">\r\n<h2>Angaben gem&auml;&szlig; &sect; 5 TMG:<\/h2> \r\n<p>TREND RESEARCH Gesellschaft f\u00fcr Markt- und Kommunikationsforschung mbH<br \/> \r\nGrasweg 6A<br \/>\r\n22299 Hamburg <\/p> \r\n<p>Vertreten durch:<br>Torsten Bohse &#8211; Gesch&auml;ftsf\u00fchrer <br> \r\nCarola Bohse &#8211; stellv. Gesch&auml;ftsf\u00fchrerin <\/p>\r\n<p>Telefon: 040 321819 &#8211; 0 <br \/>\r\nE-Mail: kontakt@trend-research.de <\/p>\r\n<p>Eintragung im Handelsregister. <br \/>\r\nRegistergericht: HRB Hamburg <br \/>\r\nRegisternummer: 42465<\/p> \r\n<p>VAT-IDENT-Nr: DE118600730<\/p>\r\n<h2>Rechtshinweis:<\/h2> \r\n<p>Die TREND RESEARCH Gesellschaft f\u00fcr Markt- und Kommunikationsforschung mbH pr\u00fcft und aktualisiert die Informationen auf Ihren Websites st\u00e4ndig.<br>Trotz aller Sorgfalt k\u00f6nnen sich die Daten inzwischen ver\u00e4ndert haben. Eine Haftung oder Garantie f\u00fcr die Aktualit\u00e4t, Richtigkeit und Vollst\u00e4ndigkeit der zur Verf\u00fcgung gestellten Informationen kann daher nicht \u00fcbernommen werden. Gleiches gilt auch f\u00fcr alle anderen Websites, auf die mittels Hyperlink verwiesen wird.<\/p>\r\n<p>Die TREND RESEARCH Gesellschaft f\u00fcr Markt- und Kommunikationsforschung mbH ist f\u00fcr den Inhalt der Websites, die aufgrund einer solchen Verbindung erreicht werden, nicht verantwortlich.<\/p>\r\n<p>Des weiteren beh\u00e4lt sich die TREND RESEARCH Gesellschaft f\u00fcr Markt- und Kommunikationsforschung mbH das Recht vor, \u00c4nderungen oder Erg\u00e4nzungen der bereitgestellten Informationen vorzunehmen.<\/p>\r\n<p>Inhalt und Struktur der Websites der TREND RESEARCH Gesellschaft f\u00fcr Markt- und Kommunikationsforschung mbH sind urheberrechtlich gesch\u00fctzt. Die Vervielf\u00e4ltigung von Informationen oder Daten, insbesondere die Verwendung von Texten, Textteilen oder Bildmaterial bedarf der vorherigen Zustimmung der TREND RESEARCH Gesellschaft f\u00fcr Markt- und Kommunikationsforschung mbH.<\/p>\r\n<p>\u00a92021 TREND RESEARCH GmbH<\/p> \r\n<h2>Angaben zur Berufshaftpflichtversicherung:<\/h2> \r\n<p>Name und Sitz der Gesellschaft:<br \/> \r\nBasler Versicherung<br \/> \r\nBasler Strasse 4<br \/> \r\n61345 Bad Homburg<\/p> \r\n<p>Geltungsraum der Versicherung:<br \/>\r\nweltweit<\/p> \r\n<h2>Verantwortlich f&uuml;r den Inhalt nach &sect; 55 Abs. 2 RStV:<\/h2> \r\n<p>TREND RESEARCH Gesellschaft f\u00fcr Markt- und Kommunikationsforschung mbH<br \/>\r\nGrasweg 6A<br \/> \r\n22299 Hamburg<\/p> \r\n<h2>Realisierung<\/h2>\r\n<p>Brave Systems UG<br>\r\n(haftungsbeschr\u00e4nkt)<br>\r\nElmsbrink 13<br>\r\n49328 Melle \/ Osnabr\u00fcck<\/p>\r\n<p>David Bressert<br>\r\nTelefon: 05422 458 9112<br>\r\nE-Mail:  info@brave-systems.de<br>\r\nWebsite: <a href=\"http:\/\/www.brave-systems.de\" target=\"_blank\" rel=\"noopener\">www.brave-systems.de<\/a><\/p>\r\n<\/div>\r\n<\/div>\r\n<\/div>\r\n<\/section>","protected":false},"excerpt":{"rendered":"Angaben gem&auml;&szlig; &sect; 5 TMG: TREND RESEARCH Gesellschaft f\u00fcr Markt- und Kommunikationsforschung mbH Grasweg 6A 22299 Hamburg Vertreten durch:Torsten Bohse &#8211; Gesch&auml;ftsf\u00fchrer Carola Bohse &#8211; stellv. Gesch&auml;ftsf\u00fchrerin Telefon: 040 321819 &#8211; 0 E-Mail: kontakt@trend-research.de Eintragung im Handelsregister. Registergericht: HRB Hamburg Registernummer: 42465 VAT-IDENT-Nr: DE118600730 Rechtshinweis: Die TREND RESEARCH Gesellschaft f\u00fcr &hellip; <a href=\"https:\/\/trend-research.de\/de\/impressum\/\" class=\"read-more btn btn-small btn-round btn-anim-drawer\"><span class=\"screen-reader-text\">Impressum<\/span> weiterlesen<\/a>","protected":false},"author":1,"featured_media":0,"parent":0,"menu_order":0,"comment_status":"closed","ping_status":"closed","template":"","meta":{"_acf_changed":false,"footnotes":""},"class_list":["post-15","page","type-page","status-publish","hentry"],"acf":[],"_links":{"self":[{"href":"https:\/\/trend-research.de\/de\/wp-json\/wp\/v2\/pages\/15","targetHints":{"allow":["GET"]}}],"collection":[{"href":"https:\/\/trend-research.de\/de\/wp-json\/wp\/v2\/pages"}],"about":[{"href":"https:\/\/trend-research.de\/de\/wp-json\/wp\/v2\/types\/page"}],"author":[{"embeddable":true,"href":"https:\/\/trend-research.de\/de\/wp-json\/wp\/v2\/users\/1"}],"replies":[{"embeddable":true,"href":"https:\/\/trend-research.de\/de\/wp-json\/wp\/v2\/comments?post=15"}],"version-history":[{"count":19,"href":"https:\/\/trend-research.de\/de\/wp-json\/wp\/v2\/pages\/15\/revisions"}],"predecessor-version":[{"id":1389,"href":"https:\/\/trend-research.de\/de\/wp-json\/wp\/v2\/pages\/15\/revisions\/1389"}],"wp:attachment":[{"href":"https:\/\/trend-research.de\/de\/wp-json\/wp\/v2\/media?parent=15"}],"curies":[{"name":"wp","href":"https:\/\/api.w.org\/{rel}","templated":true}]}}